{"id":2679,"date":"2024-02-08T21:40:59","date_gmt":"2024-02-09T05:40:59","guid":{"rendered":"https:\/\/serviciospaimex.com\/?page_id=2679"},"modified":"2025-06-17T14:12:13","modified_gmt":"2025-06-17T21:12:13","slug":"newsletter","status":"publish","type":"page","link":"https:\/\/serviciospaimex.com\/en\/newsletter\/","title":{"rendered":"Newsletter PAIMEX"},"content":{"rendered":"\t\t<div data-elementor-type=\"wp-page\" data-elementor-id=\"2679\" class=\"elementor elementor-2679\">\n\t\t\t\t\t\t<section class=\"elementor-section elementor-top-section elementor-element elementor-element-48b64b9 elementor-section-full_width elementor-section-height-default elementor-section-height-default\" data-id=\"48b64b9\" data-element_type=\"section\" data-e-type=\"section\">\n\t\t\t\t\t\t<div class=\"elementor-container elementor-column-gap-no\">\n\t\t\t\t\t<div class=\"elementor-column elementor-col-100 elementor-top-column elementor-element elementor-element-996bf69\" data-id=\"996bf69\" data-element_type=\"column\" data-e-type=\"column\">\n\t\t\t<div class=\"elementor-widget-wrap elementor-element-populated\">\n\t\t\t\t\t\t<div class=\"elementor-element elementor-element-ee7241a elementor-widget elementor-widget-shortcode\" data-id=\"ee7241a\" data-element_type=\"widget\" data-e-type=\"widget\" data-widget_type=\"shortcode.default\">\n\t\t\t\t<div class=\"elementor-widget-container\">\n\t\t\t\t\t\t\t<div class=\"elementor-shortcode\"><div id=\"metaslider-id-3119\" style=\"width: 100%;\" class=\"ml-slider-3-108-0 metaslider metaslider-flex metaslider-3119 ml-slider ms-theme-default nav-hidden\" role=\"region\" aria-label=\"NEWSLETTER\" data-height=\"400\" data-width=\"1280\">\n    <div id=\"metaslider_container_3119\">\n        <div id=\"metaslider_3119\">\n            <ul class='slides'>\n                <li style=\"display: block; width: 100%;\" class=\"slide-3122 ms-image \" aria-roledescription=\"slide\" data-date=\"2024-04-14 02:44:54\" data-filename=\"NEWSLETTER_BANNER_1-1280x400.png\" data-slide-type=\"image\"><img fetchpriority=\"high\" decoding=\"async\" src=\"https:\/\/serviciospaimex.com\/en\/wp-content\/uploads\/2024\/04\/NEWSLETTER_BANNER_1-1280x400.png\" height=\"400\" width=\"1280\" alt=\"\" class=\"slider-3119 slide-3122 msDefaultImage\" \/><\/li>\n                <li style=\"display: none; width: 100%;\" class=\"slide-3123 ms-image \" aria-roledescription=\"slide\" data-date=\"2024-04-14 02:44:54\" data-filename=\"NEWSLETTER_BANNER_2-1280x400.png\" data-slide-type=\"image\"><img decoding=\"async\" src=\"https:\/\/serviciospaimex.com\/en\/wp-content\/uploads\/2024\/04\/NEWSLETTER_BANNER_2-1280x400.png\" height=\"400\" width=\"1280\" alt=\"\" class=\"slider-3119 slide-3123 msDefaultImage\" \/><\/li>\n            <\/ul>\n        <\/div>\n        \n    <\/div>\n<\/div><\/div>\n\t\t\t\t\t\t<\/div>\n\t\t\t\t<\/div>\n\t\t\t\t\t<\/div>\n\t\t<\/div>\n\t\t\t\t\t<\/div>\n\t\t<\/section>\n\t\t\t\t<section class=\"elementor-section elementor-top-section elementor-element elementor-element-babb9b2 elementor-section-boxed elementor-section-height-default elementor-section-height-default\" data-id=\"babb9b2\" data-element_type=\"section\" data-e-type=\"section\">\n\t\t\t\t\t\t<div class=\"elementor-container elementor-column-gap-default\">\n\t\t\t\t\t<div class=\"elementor-column elementor-col-100 elementor-top-column elementor-element elementor-element-9d91147\" data-id=\"9d91147\" data-element_type=\"column\" data-e-type=\"column\">\n\t\t\t<div class=\"elementor-widget-wrap elementor-element-populated\">\n\t\t\t\t\t\t<div class=\"elementor-element elementor-element-a425de1 elementor-widget elementor-widget-heading\" data-id=\"a425de1\" data-element_type=\"widget\" data-e-type=\"widget\" data-widget_type=\"heading.default\">\n\t\t\t\t<div class=\"elementor-widget-container\">\n\t\t\t\t\t<h2 class=\"elementor-heading-title elementor-size-default\">NEWSLETTER<\/h2>\t\t\t\t<\/div>\n\t\t\t\t<\/div>\n\t\t\t\t\t<\/div>\n\t\t<\/div>\n\t\t\t\t\t<\/div>\n\t\t<\/section>\n\t\t\t\t<section class=\"elementor-section elementor-top-section elementor-element elementor-element-a9cf12a elementor-section-boxed elementor-section-height-default elementor-section-height-default\" data-id=\"a9cf12a\" data-element_type=\"section\" data-e-type=\"section\" data-settings=\"{&quot;background_background&quot;:&quot;gradient&quot;}\">\n\t\t\t\t\t\t<div class=\"elementor-container elementor-column-gap-default\">\n\t\t\t\t\t<div class=\"elementor-column elementor-col-50 elementor-top-column elementor-element elementor-element-bb4c3e9\" data-id=\"bb4c3e9\" data-element_type=\"column\" data-e-type=\"column\">\n\t\t\t<div class=\"elementor-widget-wrap elementor-element-populated\">\n\t\t\t\t\t\t<div class=\"elementor-element elementor-element-3d469ca elementor-widget elementor-widget-shortcode\" data-id=\"3d469ca\" data-element_type=\"widget\" data-e-type=\"widget\" data-widget_type=\"shortcode.default\">\n\t\t\t\t<div class=\"elementor-widget-container\">\n\t\t\t\t\t\t\t<div class=\"elementor-shortcode\">\t\r\n\t\t<div class=\"pld-post-list pld-design-1 pld-clearfix\">\r\n\t\t\t\r\n\t\t\t<div class=\"pld-post-list-inr\">\t\r\n\t<div class=\"pld-post-list-content pld-clearfix no-thumb-image\">\r\n\t\t\t\t<div class=\" pld-full-columns pld-medium-12 pld-columns\">\r\n\t\t\t\t\t\t\t<div class=\"pld-post-categories\">\r\n\t\t\t\t\t<a href=\"https:\/\/serviciospaimex.com\/en\/category\/newsletter\/\">newsletter<\/a> <a href=\"https:\/\/serviciospaimex.com\/en\/category\/newsletter\/newsletter-2026\/\">newsletter-2026<\/a>\t\t\t\t<\/div>\r\n\t\t\t\t\t\t<h2 class=\"pld-post-title\">\t\t\r\n\t\t\t\t<a href=\"https:\/\/serviciospaimex.com\/en\/paimex-certificate-verification\/\">PAIMEX Certificate Verification<\/a>\r\n\t\t\t<\/h2>\r\n\t\t\t\t\t\t\t<div class=\"pld-post-meta\">\r\n\t\t\t\t\t\t\t\t\t\t\t<span>\r\n\t\t\t\t\t\t\tBy Paimex-En\t\t\t\t\t\t<\/span>\r\n\t\t\t\t\t\/&nbsp;&nbsp;25 de April de 2026\t\t\t\t<\/div>\r\n\t\t\t\t\t\r\n\t\t\t\t<div class=\"pld-post-content\">\t\t\t\t\r\n\t\t\t\t\t<div class=\"pld-post-content-inner\">\r\n\t\t\t\t\t\tPAIMEX Bulletin \u00b7 April 2026 Bolet\u00edn PAIMEX \u00b7 Abril 2026 English Espa\u00f1ol Area Certification and Traceability Important Information PAIMEX Certificate...\t\t\t\t\t<\/div>\r\n\t\t\t\t\t<a class=\"pld-readmorebtn\" href=\"https:\/\/serviciospaimex.com\/en\/paimex-certificate-verification\/\">Read More<\/a>\t\t\t\t\t\r\n\t\t\t\t<\/div>\r\n\t\t\t\t\t\t\t\t\r\n\t\t\t\t<div class=\"pld-post-tags\">\t\t\t\r\n\t\t\t\t\tTags: <a href=\"https:\/\/serviciospaimex.com\/en\/tag\/blog\/\" rel=\"tag\">blog<\/a>, <a href=\"https:\/\/serviciospaimex.com\/en\/tag\/certificate-of-conformance\/\" rel=\"tag\">Certificate of Conformance<\/a>, <a href=\"https:\/\/serviciospaimex.com\/en\/tag\/certificate-of-conformity\/\" rel=\"tag\">Certificate of Conformity<\/a>, <a href=\"https:\/\/serviciospaimex.com\/en\/tag\/certification\/\" rel=\"tag\">certification<\/a>, <a href=\"https:\/\/serviciospaimex.com\/en\/tag\/coc\/\" rel=\"tag\">CoC<\/a>, <a href=\"https:\/\/serviciospaimex.com\/en\/tag\/news\/\" rel=\"tag\">news<\/a>, <a href=\"https:\/\/serviciospaimex.com\/en\/tag\/newsletter\/\" rel=\"tag\">newsletter<\/a>\t\t\t\t<\/div>\r\n\t\t\t\t\t<\/div>\r\n\t<\/div>\r\n<\/div><div class=\"pld-post-list-inr\">\t\r\n\t<div class=\"pld-post-list-content pld-clearfix \">\r\n\t\t\t\t<div class=\"pld-left-columns pld-medium-6 pld-columns\">\r\n\t\t\t<div class=\"pld-post-image-bg\">\r\n\t\t\t\t<a href=\"https:\/\/serviciospaimex.com\/en\/february-newsletter-2026\/\">\r\n\t\t\t\t\t<img decoding=\"async\" src=\"https:\/\/serviciospaimex.com\/en\/wp-content\/uploads\/2024\/04\/NEWSLETTER_BANNER_2-768x240.png\" alt=\"February- Newsletter &#8211; 2026\" \/>\r\n\t\t\t\t<\/a>\r\n\t\t\t<\/div>\r\n\t\t<\/div>\r\n\t\t\t\t<div class=\"pld-right-columns pld-medium-6 pld-columns\">\r\n\t\t\t\t\t\t\t<div class=\"pld-post-categories\">\r\n\t\t\t\t\t<a href=\"https:\/\/serviciospaimex.com\/en\/category\/newsletter\/\">newsletter<\/a> <a href=\"https:\/\/serviciospaimex.com\/en\/category\/newsletter\/newsletter-2026\/\">newsletter-2026<\/a>\t\t\t\t<\/div>\r\n\t\t\t\t\t\t<h2 class=\"pld-post-title\">\t\t\r\n\t\t\t\t<a href=\"https:\/\/serviciospaimex.com\/en\/february-newsletter-2026\/\">February- Newsletter &#8211; 2026<\/a>\r\n\t\t\t<\/h2>\r\n\t\t\t\t\t\t\t<div class=\"pld-post-meta\">\r\n\t\t\t\t\t\t\t\t\t\t\t<span>\r\n\t\t\t\t\t\t\tBy Paimex-En\t\t\t\t\t\t<\/span>\r\n\t\t\t\t\t\/&nbsp;&nbsp;23 de February de 2026\t\t\t\t<\/div>\r\n\t\t\t\t\t\r\n\t\t\t\t<div class=\"pld-post-content\">\t\t\t\t\r\n\t\t\t\t\t<div class=\"pld-post-content-inner\">\r\n\t\t\t\t\t\tBack PAIMEX Newsletter \u00b7 February 2026 Author Lic. Dulce Ur\u00edas Customer Services Topic Regulatory Compliance Did you know...? Regulatory Compliance....\t\t\t\t\t<\/div>\r\n\t\t\t\t\t<a class=\"pld-readmorebtn\" href=\"https:\/\/serviciospaimex.com\/en\/february-newsletter-2026\/\">Read More<\/a>\t\t\t\t\t\r\n\t\t\t\t<\/div>\r\n\t\t\t\t\t\t\t\t\r\n\t\t\t\t<div class=\"pld-post-tags\">\t\t\t\r\n\t\t\t\t\tTags: <a href=\"https:\/\/serviciospaimex.com\/en\/tag\/newsletter\/\" rel=\"tag\">newsletter<\/a>\t\t\t\t<\/div>\r\n\t\t\t\t\t<\/div>\r\n\t<\/div>\r\n<\/div><div class=\"pld-post-list-inr\">\t\r\n\t<div class=\"pld-post-list-content pld-clearfix \">\r\n\t\t\t\t<div class=\"pld-left-columns pld-medium-6 pld-columns\">\r\n\t\t\t<div class=\"pld-post-image-bg\">\r\n\t\t\t\t<a href=\"https:\/\/serviciospaimex.com\/en\/january-newsletter-2026\/\">\r\n\t\t\t\t\t<img decoding=\"async\" src=\"https:\/\/serviciospaimex.com\/en\/wp-content\/uploads\/2024\/04\/NEWSLETTER_BANNER_2-768x240.png\" alt=\"January &#8211; Newsletter &#8211; 2026\" \/>\r\n\t\t\t\t<\/a>\r\n\t\t\t<\/div>\r\n\t\t<\/div>\r\n\t\t\t\t<div class=\"pld-right-columns pld-medium-6 pld-columns\">\r\n\t\t\t\t\t\t\t<div class=\"pld-post-categories\">\r\n\t\t\t\t\t<a href=\"https:\/\/serviciospaimex.com\/en\/category\/newsletter\/\">newsletter<\/a> <a href=\"https:\/\/serviciospaimex.com\/en\/category\/newsletter\/newsletter-2026\/\">newsletter-2026<\/a>\t\t\t\t<\/div>\r\n\t\t\t\t\t\t<h2 class=\"pld-post-title\">\t\t\r\n\t\t\t\t<a href=\"https:\/\/serviciospaimex.com\/en\/january-newsletter-2026\/\">January &#8211; Newsletter &#8211; 2026<\/a>\r\n\t\t\t<\/h2>\r\n\t\t\t\t\t\t\t<div class=\"pld-post-meta\">\r\n\t\t\t\t\t\t\t\t\t\t\t<span>\r\n\t\t\t\t\t\t\tBy Paimex-En\t\t\t\t\t\t<\/span>\r\n\t\t\t\t\t\/&nbsp;&nbsp;17 de January de 2026\t\t\t\t<\/div>\r\n\t\t\t\t\t\r\n\t\t\t\t<div class=\"pld-post-content\">\t\t\t\t\r\n\t\t\t\t\t<div class=\"pld-post-content-inner\">\r\n\t\t\t\t\t\tBack PAIMEX Newsletter \u00b7 January 2026 PAIMEX NEWSLETTER January \u00b7 2026 Author: Ing. Daniel S\u00e1nchez \u00b7 Laboratory Supervisor Laboratory and...\t\t\t\t\t<\/div>\r\n\t\t\t\t\t<a class=\"pld-readmorebtn\" href=\"https:\/\/serviciospaimex.com\/en\/january-newsletter-2026\/\">Read More<\/a>\t\t\t\t\t\r\n\t\t\t\t<\/div>\r\n\t\t\t\t\t<\/div>\r\n\t<\/div>\r\n<\/div><div class=\"pld-post-list-inr\">\t\r\n\t<div class=\"pld-post-list-content pld-clearfix no-thumb-image\">\r\n\t\t\t\t<div class=\" pld-full-columns pld-medium-12 pld-columns\">\r\n\t\t\t\t\t\t\t<div class=\"pld-post-categories\">\r\n\t\t\t\t\t<a href=\"https:\/\/serviciospaimex.com\/en\/category\/newsletter-2025\/\">newsletter-2025<\/a>\t\t\t\t<\/div>\r\n\t\t\t\t\t\t<h2 class=\"pld-post-title\">\t\t\r\n\t\t\t\t<a href=\"https:\/\/serviciospaimex.com\/en\/newsletter-sep-2025\/\">September &#8211; Newsletter &#8211; 2025<\/a>\r\n\t\t\t<\/h2>\r\n\t\t\t\t\t\t\t<div class=\"pld-post-meta\">\r\n\t\t\t\t\t\t\t\t\t\t\t<span>\r\n\t\t\t\t\t\t\tBy Paimex-En\t\t\t\t\t\t<\/span>\r\n\t\t\t\t\t\/&nbsp;&nbsp;1 de September de 2025\t\t\t\t<\/div>\r\n\t\t\t\t\t\r\n\t\t\t\t<div class=\"pld-post-content\">\t\t\t\t\r\n\t\t\t\t\t<div class=\"pld-post-content-inner\">\r\n\t\t\t\t\t\tBack PAIMEX Bulletin \u2014 September 2025 The relationship between quality and productivity is fundamental to a company\u2019s day-to-day development to...\t\t\t\t\t<\/div>\r\n\t\t\t\t\t<a class=\"pld-readmorebtn\" href=\"https:\/\/serviciospaimex.com\/en\/newsletter-sep-2025\/\">Read More<\/a>\t\t\t\t\t\r\n\t\t\t\t<\/div>\r\n\t\t\t\t\t<\/div>\r\n\t<\/div>\r\n<\/div><div class=\"pld-post-list-inr\">\t\r\n\t<div class=\"pld-post-list-content pld-clearfix no-thumb-image\">\r\n\t\t\t\t<div class=\" pld-full-columns pld-medium-12 pld-columns\">\r\n\t\t\t\t\t\t\t<div class=\"pld-post-categories\">\r\n\t\t\t\t\t<a href=\"https:\/\/serviciospaimex.com\/en\/category\/newsletter-2025\/\">newsletter-2025<\/a>\t\t\t\t<\/div>\r\n\t\t\t\t\t\t<h2 class=\"pld-post-title\">\t\t\r\n\t\t\t\t<a href=\"https:\/\/serviciospaimex.com\/en\/high-tech-certification-for-the-aerospace-sector\/\">High-Tech Certification for the Aerospace Sector High-Tech Aerospace Certification by UABC<\/a>\r\n\t\t\t<\/h2>\r\n\t\t\t\t\t\t\t<div class=\"pld-post-meta\">\r\n\t\t\t\t\t\t\t\t\t\t\t<span>\r\n\t\t\t\t\t\t\tBy Paimex-En\t\t\t\t\t\t<\/span>\r\n\t\t\t\t\t\/&nbsp;&nbsp;29 de August de 2025\t\t\t\t<\/div>\r\n\t\t\t\t\t\r\n\t\t\t\t<div class=\"pld-post-content\">\t\t\t\t\r\n\t\t\t\t\t<div class=\"pld-post-content-inner\">\r\n\t\t\t\t\t\tEvent Summary (August 20, 2025) PAIMEX and the Baja California Space and Aeronautics Cluster (CEA-BC) were present at the launch,...\t\t\t\t\t<\/div>\r\n\t\t\t\t\t<a class=\"pld-readmorebtn\" href=\"https:\/\/serviciospaimex.com\/en\/high-tech-certification-for-the-aerospace-sector\/\">Read More<\/a>\t\t\t\t\t\r\n\t\t\t\t<\/div>\r\n\t\t\t\t\t<\/div>\r\n\t<\/div>\r\n<\/div><div class=\"pld-post-list-inr\">\t\r\n\t<div class=\"pld-post-list-content pld-clearfix no-thumb-image\">\r\n\t\t\t\t<div class=\" pld-full-columns pld-medium-12 pld-columns\">\r\n\t\t\t\t\t\t\t<div class=\"pld-post-categories\">\r\n\t\t\t\t\t<a href=\"https:\/\/serviciospaimex.com\/en\/category\/newsletter-2025\/\">newsletter-2025<\/a>\t\t\t\t<\/div>\r\n\t\t\t\t\t\t<h2 class=\"pld-post-title\">\t\t\r\n\t\t\t\t<a href=\"https:\/\/serviciospaimex.com\/en\/cea-bc-launch\/\">Official Presentation of the Aerospace and Space Cluster of Baja California (CEA-BC)<\/a>\r\n\t\t\t<\/h2>\r\n\t\t\t\t\t\t\t<div class=\"pld-post-meta\">\r\n\t\t\t\t\t\t\t\t\t\t\t<span>\r\n\t\t\t\t\t\t\tBy Paimex-En\t\t\t\t\t\t<\/span>\r\n\t\t\t\t\t\/&nbsp;&nbsp;13 de June de 2025\t\t\t\t<\/div>\r\n\t\t\t\t\t\r\n\t\t\t\t<div class=\"pld-post-content\">\t\t\t\t\r\n\t\t\t\t\t<div class=\"pld-post-content-inner\">\r\n\t\t\t\t\t\tOfficial Presentation of the Aerospace and Space Cluster of Baja California (CEA-BC) Publication Date: June 11, 2025Yesterday, June 10, the...\t\t\t\t\t<\/div>\r\n\t\t\t\t\t<a class=\"pld-readmorebtn\" href=\"https:\/\/serviciospaimex.com\/en\/cea-bc-launch\/\">Read More<\/a>\t\t\t\t\t\r\n\t\t\t\t<\/div>\r\n\t\t\t\t\t<\/div>\r\n\t<\/div>\r\n<\/div><div class=\"pld-post-list-inr\">\t\r\n\t<div class=\"pld-post-list-content pld-clearfix no-thumb-image\">\r\n\t\t\t\t<div class=\" pld-full-columns pld-medium-12 pld-columns\">\r\n\t\t\t\t\t\t\t<div class=\"pld-post-categories\">\r\n\t\t\t\t\t<a href=\"https:\/\/serviciospaimex.com\/en\/category\/newsletter-2025\/\">newsletter-2025<\/a>\t\t\t\t<\/div>\r\n\t\t\t\t\t\t<h2 class=\"pld-post-title\">\t\t\r\n\t\t\t\t<a href=\"https:\/\/serviciospaimex.com\/en\/jun-2025-newsletter\/\">RECOCO MEXICALI 2025<\/a>\r\n\t\t\t<\/h2>\r\n\t\t\t\t\t\t\t<div class=\"pld-post-meta\">\r\n\t\t\t\t\t\t\t\t\t\t\t<span>\r\n\t\t\t\t\t\t\tBy Paimex-En\t\t\t\t\t\t<\/span>\r\n\t\t\t\t\t\/&nbsp;&nbsp;3 de June de 2025\t\t\t\t<\/div>\r\n\t\t\t\t\t\r\n\t\t\t\t<div class=\"pld-post-content\">\t\t\t\t\r\n\t\t\t\t\t<div class=\"pld-post-content-inner\">\r\n\t\t\t\t\t\tGo back PAIMEX Participates in the Launch of RECOCO On May 29, 2025, PAIMEX, along with other leading companies in...\t\t\t\t\t<\/div>\r\n\t\t\t\t\t<a class=\"pld-readmorebtn\" href=\"https:\/\/serviciospaimex.com\/en\/jun-2025-newsletter\/\">Read More<\/a>\t\t\t\t\t\r\n\t\t\t\t<\/div>\r\n\t\t\t\t\t<\/div>\r\n\t<\/div>\r\n<\/div><div class=\"pld-post-list-inr\">\t\r\n\t<div class=\"pld-post-list-content pld-clearfix no-thumb-image\">\r\n\t\t\t\t<div class=\" pld-full-columns pld-medium-12 pld-columns\">\r\n\t\t\t\t\t\t\t<div class=\"pld-post-categories\">\r\n\t\t\t\t\t<a href=\"https:\/\/serviciospaimex.com\/en\/category\/newsletter-2025\/\">newsletter-2025<\/a>\t\t\t\t<\/div>\r\n\t\t\t\t\t\t<h2 class=\"pld-post-title\">\t\t\r\n\t\t\t\t<a href=\"https:\/\/serviciospaimex.com\/en\/recert-as9100-2025\/\">May 2025 AS9100 Recertification<\/a>\r\n\t\t\t<\/h2>\r\n\t\t\t\t\t\t\t<div class=\"pld-post-meta\">\r\n\t\t\t\t\t\t\t\t\t\t\t<span>\r\n\t\t\t\t\t\t\tBy Paimex-En\t\t\t\t\t\t<\/span>\r\n\t\t\t\t\t\/&nbsp;&nbsp;28 de May de 2025\t\t\t\t<\/div>\r\n\t\t\t\t\t\r\n\t\t\t\t<div class=\"pld-post-content\">\t\t\t\t\r\n\t\t\t\t\t<div class=\"pld-post-content-inner\">\r\n\t\t\t\t\t\tGo back 2025 Recertification of ISO 9001:2015 and AS9100D PAIMEX Special Processes of Mexicali, Baja California has once again achieved,...\t\t\t\t\t<\/div>\r\n\t\t\t\t\t<a class=\"pld-readmorebtn\" href=\"https:\/\/serviciospaimex.com\/en\/recert-as9100-2025\/\">Read More<\/a>\t\t\t\t\t\r\n\t\t\t\t<\/div>\r\n\t\t\t\t\t<\/div>\r\n\t<\/div>\r\n<\/div><div class=\"pld-post-list-inr\">\t\r\n\t<div class=\"pld-post-list-content pld-clearfix \">\r\n\t\t\t\t<div class=\"pld-left-columns pld-medium-6 pld-columns\">\r\n\t\t\t<div class=\"pld-post-image-bg\">\r\n\t\t\t\t<a href=\"https:\/\/serviciospaimex.com\/en\/newsletter-2025-nadcap-merit\/\">\r\n\t\t\t\t\t<img decoding=\"async\" src=\"https:\/\/serviciospaimex.com\/en\/wp-content\/uploads\/2025\/07\/Chemical-Processing-Nadcap-768x294.png\" alt=\"PAIMEX reaffirms its excellence: 10 years of Nadcap and 20 years of experience.\" \/>\r\n\t\t\t\t<\/a>\r\n\t\t\t<\/div>\r\n\t\t<\/div>\r\n\t\t\t\t<div class=\"pld-right-columns pld-medium-6 pld-columns\">\r\n\t\t\t\t\t\t\t<div class=\"pld-post-categories\">\r\n\t\t\t\t\t<a href=\"https:\/\/serviciospaimex.com\/en\/category\/newsletter-2025\/\">newsletter-2025<\/a>\t\t\t\t<\/div>\r\n\t\t\t\t\t\t<h2 class=\"pld-post-title\">\t\t\r\n\t\t\t\t<a href=\"https:\/\/serviciospaimex.com\/en\/newsletter-2025-nadcap-merit\/\">PAIMEX reaffirms its excellence: 10 years of Nadcap and 20 years of experience.<\/a>\r\n\t\t\t<\/h2>\r\n\t\t\t\t\t\t\t<div class=\"pld-post-meta\">\r\n\t\t\t\t\t\t\t\t\t\t\t<span>\r\n\t\t\t\t\t\t\tBy Paimex-En\t\t\t\t\t\t<\/span>\r\n\t\t\t\t\t\/&nbsp;&nbsp;28 de March de 2025\t\t\t\t<\/div>\r\n\t\t\t\t\t\r\n\t\t\t\t<div class=\"pld-post-content\">\t\t\t\t\r\n\t\t\t\t\t<div class=\"pld-post-content-inner\">\r\n\t\t\t\t\t\tPAIMEX Reaffirms Its Excellence: 10 Years of Nadcap and 20 Years of Trajectory Publication Date: March 26, 2025 Earlier this...\t\t\t\t\t<\/div>\r\n\t\t\t\t\t<a class=\"pld-readmorebtn\" href=\"https:\/\/serviciospaimex.com\/en\/newsletter-2025-nadcap-merit\/\">Read More<\/a>\t\t\t\t\t\r\n\t\t\t\t<\/div>\r\n\t\t\t\t\t<\/div>\r\n\t<\/div>\r\n<\/div><div class=\"pld-post-list-inr\">\t\r\n\t<div class=\"pld-post-list-content pld-clearfix no-thumb-image\">\r\n\t\t\t\t<div class=\" pld-full-columns pld-medium-12 pld-columns\">\r\n\t\t\t\t\t\t\t<div class=\"pld-post-categories\">\r\n\t\t\t\t\t<a href=\"https:\/\/serviciospaimex.com\/en\/category\/newsletter-2025\/\">newsletter-2025<\/a>\t\t\t\t<\/div>\r\n\t\t\t\t\t\t<h2 class=\"pld-post-title\">\t\t\r\n\t\t\t\t<a href=\"https:\/\/serviciospaimex.com\/en\/happy-new-year-2025\/\">Happy New Year 2025!<\/a>\r\n\t\t\t<\/h2>\r\n\t\t\t\t\t\t\t<div class=\"pld-post-meta\">\r\n\t\t\t\t\t\t\t\t\t\t\t<span>\r\n\t\t\t\t\t\t\tBy Paimex-En\t\t\t\t\t\t<\/span>\r\n\t\t\t\t\t\/&nbsp;&nbsp;1 de January de 2025\t\t\t\t<\/div>\r\n\t\t\t\t\t\r\n\t\t\t\t<div class=\"pld-post-content\">\t\t\t\t\r\n\t\t\t\t\t<div class=\"pld-post-content-inner\">\r\n\t\t\t\t\t\tAt PAIMEX, we begin this year with gratitude and enthusiasm, looking to the future with great expectations. We want to...\t\t\t\t\t<\/div>\r\n\t\t\t\t\t<a class=\"pld-readmorebtn\" href=\"https:\/\/serviciospaimex.com\/en\/happy-new-year-2025\/\">Read More<\/a>\t\t\t\t\t\r\n\t\t\t\t<\/div>\r\n\t\t\t\t\t\t\t\t\r\n\t\t\t\t<div class=\"pld-post-tags\">\t\t\t\r\n\t\t\t\t\tTags: <a href=\"https:\/\/serviciospaimex.com\/en\/tag\/aeroespacial\/\" rel=\"tag\">aeroespacial<\/a>, <a href=\"https:\/\/serviciospaimex.com\/en\/tag\/anodized\/\" rel=\"tag\">anodized<\/a>, <a href=\"https:\/\/serviciospaimex.com\/en\/tag\/as9100d\/\" rel=\"tag\">AS9100D<\/a>, <a href=\"https:\/\/serviciospaimex.com\/en\/tag\/nadcap\/\" rel=\"tag\">Nadcap<\/a>, <a href=\"https:\/\/serviciospaimex.com\/en\/tag\/newsletter\/\" rel=\"tag\">newsletter<\/a>\t\t\t\t<\/div>\r\n\t\t\t\t\t<\/div>\r\n\t<\/div>\r\n<\/div><div class=\"pld-post-list-inr\">\t\r\n\t<div class=\"pld-post-list-content pld-clearfix no-thumb-image\">\r\n\t\t\t\t<div class=\" pld-full-columns pld-medium-12 pld-columns\">\r\n\t\t\t\t\t\t\t<div class=\"pld-post-categories\">\r\n\t\t\t\t\t<a href=\"https:\/\/serviciospaimex.com\/en\/category\/2024\/\">2024<\/a> <a href=\"https:\/\/serviciospaimex.com\/en\/category\/newsletter\/\">newsletter<\/a>\t\t\t\t<\/div>\r\n\t\t\t\t\t\t<h2 class=\"pld-post-title\">\t\t\r\n\t\t\t\t<a href=\"https:\/\/serviciospaimex.com\/en\/newsletter-june-2024\/\">June 2024<\/a>\r\n\t\t\t<\/h2>\r\n\t\t\t\t\t\t\t<div class=\"pld-post-meta\">\r\n\t\t\t\t\t\t\t\t\t\t\t<span>\r\n\t\t\t\t\t\t\tBy Paimex-En\t\t\t\t\t\t<\/span>\r\n\t\t\t\t\t\/&nbsp;&nbsp;8 de June de 2024\t\t\t\t<\/div>\r\n\t\t\t\t\t\r\n\t\t\t\t<div class=\"pld-post-content\">\t\t\t\t\r\n\t\t\t\t\t<div class=\"pld-post-content-inner\">\r\n\t\t\t\t\t\tTalent Development The Secret Succes\t\t\t\t\t<\/div>\r\n\t\t\t\t\t<a class=\"pld-readmorebtn\" href=\"https:\/\/serviciospaimex.com\/en\/newsletter-june-2024\/\">Read More<\/a>\t\t\t\t\t\r\n\t\t\t\t<\/div>\r\n\t\t\t\t\t<\/div>\r\n\t<\/div>\r\n<\/div><div class=\"pld-post-list-inr\">\t\r\n\t<div class=\"pld-post-list-content pld-clearfix no-thumb-image\">\r\n\t\t\t\t<div class=\" pld-full-columns pld-medium-12 pld-columns\">\r\n\t\t\t\t\t\t\t<div class=\"pld-post-categories\">\r\n\t\t\t\t\t<a href=\"https:\/\/serviciospaimex.com\/en\/category\/2024\/\">2024<\/a> <a href=\"https:\/\/serviciospaimex.com\/en\/category\/newsletter\/\">newsletter<\/a>\t\t\t\t<\/div>\r\n\t\t\t\t\t\t<h2 class=\"pld-post-title\">\t\t\r\n\t\t\t\t<a href=\"https:\/\/serviciospaimex.com\/en\/march-newsletter-2024\/\">March 2024<\/a>\r\n\t\t\t<\/h2>\r\n\t\t\t\t\t\t\t<div class=\"pld-post-meta\">\r\n\t\t\t\t\t\t\t\t\t\t\t<span>\r\n\t\t\t\t\t\t\tBy Paimex-En\t\t\t\t\t\t<\/span>\r\n\t\t\t\t\t\/&nbsp;&nbsp;8 de March de 2024\t\t\t\t<\/div>\r\n\t\t\t\t\t\r\n\t\t\t\t<div class=\"pld-post-content\">\t\t\t\t\r\n\t\t\t\t\t<div class=\"pld-post-content-inner\">\r\n\t\t\t\t\t\tgo back\t\t\t\t\t<\/div>\r\n\t\t\t\t\t<a class=\"pld-readmorebtn\" href=\"https:\/\/serviciospaimex.com\/en\/march-newsletter-2024\/\">Read More<\/a>\t\t\t\t\t\r\n\t\t\t\t<\/div>\r\n\t\t\t\t\t\t\t\t\r\n\t\t\t\t<div class=\"pld-post-tags\">\t\t\t\r\n\t\t\t\t\tTags: <a href=\"https:\/\/serviciospaimex.com\/en\/tag\/newsletter\/\" rel=\"tag\">newsletter<\/a>\t\t\t\t<\/div>\r\n\t\t\t\t\t<\/div>\r\n\t<\/div>\r\n<\/div><div class=\"pld-post-list-inr\">\t\r\n\t<div class=\"pld-post-list-content pld-clearfix no-thumb-image\">\r\n\t\t\t\t<div class=\" pld-full-columns pld-medium-12 pld-columns\">\r\n\t\t\t\t\t\t\t<div class=\"pld-post-categories\">\r\n\t\t\t\t\t<a href=\"https:\/\/serviciospaimex.com\/en\/category\/2024\/\">2024<\/a> <a href=\"https:\/\/serviciospaimex.com\/en\/category\/newsletter\/\">newsletter<\/a>\t\t\t\t<\/div>\r\n\t\t\t\t\t\t<h2 class=\"pld-post-title\">\t\t\r\n\t\t\t\t<a href=\"https:\/\/serviciospaimex.com\/en\/boletin-paimex-febrero-2024\/\">February 2024<\/a>\r\n\t\t\t<\/h2>\r\n\t\t\t\t\t\t\t<div class=\"pld-post-meta\">\r\n\t\t\t\t\t\t\t\t\t\t\t<span>\r\n\t\t\t\t\t\t\tBy Paimex-En\t\t\t\t\t\t<\/span>\r\n\t\t\t\t\t\/&nbsp;&nbsp;8 de February de 2024\t\t\t\t<\/div>\r\n\t\t\t\t\t\r\n\t\t\t\t<div class=\"pld-post-content\">\t\t\t\t\r\n\t\t\t\t\t<div class=\"pld-post-content-inner\">\r\n\t\t\t\t\t\tGo Back BOLET\u00cdN PAIMEX Febrero - 2024 Hoy en d\u00eda los procesos especiales son esenciales en la fabricaci\u00f3n de bienes...\t\t\t\t\t<\/div>\r\n\t\t\t\t\t<a class=\"pld-readmorebtn\" href=\"https:\/\/serviciospaimex.com\/en\/boletin-paimex-febrero-2024\/\">Read More<\/a>\t\t\t\t\t\r\n\t\t\t\t<\/div>\r\n\t\t\t\t\t\t\t\t\r\n\t\t\t\t<div class=\"pld-post-tags\">\t\t\t\r\n\t\t\t\t\tTags: <a href=\"https:\/\/serviciospaimex.com\/en\/tag\/anodizado\/\" rel=\"tag\">Anodizado<\/a>, <a href=\"https:\/\/serviciospaimex.com\/en\/tag\/as9100d\/\" rel=\"tag\">AS9100D<\/a>, <a href=\"https:\/\/serviciospaimex.com\/en\/tag\/iso-9001\/\" rel=\"tag\">ISO 9001<\/a>, <a href=\"https:\/\/serviciospaimex.com\/en\/tag\/nadcap\/\" rel=\"tag\">Nadcap<\/a>, <a href=\"https:\/\/serviciospaimex.com\/en\/tag\/newsletter\/\" rel=\"tag\">newsletter<\/a>\t\t\t\t<\/div>\r\n\t\t\t\t\t<\/div>\r\n\t<\/div>\r\n<\/div>\r\n\t\t\t<\/div>\r\n\t\n<\/div>\n\t\t\t\t\t\t<\/div>\n\t\t\t\t<\/div>\n\t\t\t\t\t<\/div>\n\t\t<\/div>\n\t\t\t\t<div class=\"elementor-column elementor-col-50 elementor-top-column elementor-element elementor-element-372d23d\" data-id=\"372d23d\" data-element_type=\"column\" data-e-type=\"column\">\n\t\t\t<div class=\"elementor-widget-wrap\">\n\t\t\t\t\t\t\t<\/div>\n\t\t<\/div>\n\t\t\t\t\t<\/div>\n\t\t<\/section>\n\t\t\t\t<\/div>\n\t\t","protected":false},"excerpt":{"rendered":"<p>NEWSLETTER<\/p>\n","protected":false},"author":3,"featured_media":0,"parent":0,"menu_order":0,"comment_status":"closed","ping_status":"closed","template":"elementor_header_footer","meta":{"footnotes":""},"class_list":["post-2679","page","type-page","status-publish","hentry"],"_links":{"self":[{"href":"https:\/\/serviciospaimex.com\/en\/wp-json\/wp\/v2\/pages\/2679","targetHints":{"allow":["GET"]}}],"collection":[{"href":"https:\/\/serviciospaimex.com\/en\/wp-json\/wp\/v2\/pages"}],"about":[{"href":"https:\/\/serviciospaimex.com\/en\/wp-json\/wp\/v2\/types\/page"}],"author":[{"embeddable":true,"href":"https:\/\/serviciospaimex.com\/en\/wp-json\/wp\/v2\/users\/3"}],"replies":[{"embeddable":true,"href":"https:\/\/serviciospaimex.com\/en\/wp-json\/wp\/v2\/comments?post=2679"}],"version-history":[{"count":64,"href":"https:\/\/serviciospaimex.com\/en\/wp-json\/wp\/v2\/pages\/2679\/revisions"}],"predecessor-version":[{"id":3985,"href":"https:\/\/serviciospaimex.com\/en\/wp-json\/wp\/v2\/pages\/2679\/revisions\/3985"}],"wp:attachment":[{"href":"https:\/\/serviciospaimex.com\/en\/wp-json\/wp\/v2\/media?parent=2679"}],"curies":[{"name":"wp","href":"https:\/\/api.w.org\/{rel}","templated":true}]}}