{"id":496,"date":"2019-12-12T20:55:58","date_gmt":"2019-12-12T20:55:58","guid":{"rendered":"https:\/\/serviciospaimex.com\/?page_id=496"},"modified":"2020-01-14T21:30:08","modified_gmt":"2020-01-14T21:30:08","slug":"authorized-reseller","status":"publish","type":"page","link":"https:\/\/serviciospaimex.com\/en\/authorized-reseller\/","title":{"rendered":"Authorized Reseller"},"content":{"rendered":"\n<figure class=\"wp-block-image\"><img fetchpriority=\"high\" decoding=\"async\" width=\"1024\" height=\"108\" src=\"https:\/\/serviciospaimex.com\/en\/wp-content\/uploads\/2019\/12\/9e2a1eab-4e19-40dd-ab13-baddc6a35107-1024x108-1024x108.jpg\" alt=\"\" class=\"wp-image-483\" srcset=\"https:\/\/serviciospaimex.com\/en\/wp-content\/uploads\/2019\/12\/9e2a1eab-4e19-40dd-ab13-baddc6a35107-1024x108.jpg 1024w, https:\/\/serviciospaimex.com\/en\/wp-content\/uploads\/2019\/12\/9e2a1eab-4e19-40dd-ab13-baddc6a35107-1024x108-300x32.jpg 300w, https:\/\/serviciospaimex.com\/en\/wp-content\/uploads\/2019\/12\/9e2a1eab-4e19-40dd-ab13-baddc6a35107-1024x108-768x81.jpg 768w\" sizes=\"(max-width: 1024px) 100vw, 1024px\" \/><\/figure>\n\n\n\n<figure class=\"wp-block-video\"><video height=\"1080\" style=\"aspect-ratio: 1920 \/ 1080;\" width=\"1920\" controls muted src=\"https:\/\/serviciospaimex.com\/en\/wp-content\/uploads\/2019\/12\/Paimex_C.mp4\"><\/video><\/figure>\n\n\n\n<div style=\"display: flex\">\n<div>\n<h2 style=\"color: #0072BC\">\u00bfC\u00d3MO FUNCIONA?:<\/h2>\n<p>1. Registrarse. \u00danase a nuestro programa y acepte los t\u00e9rminos y condiciones del programa de afiliados de PAIMEX.<\/p>\n<p>2. Como afiliado aprobado de PAIMEX, recibir\u00e1 im\u00e1genes de nuestros anuncios (banners) con links para colocar en su sitio web.<\/p>\n<p>3. Si un cliente potencial hace click en dichos links y compra nuestros servicios, ganar\u00e1 una comisi\u00f3n por cada venta.<\/p>\n<p>4. Realizaremos un seguimiento de las ventas que usted haya producido y le enviaremos su pago en cuanto el cliente compre el servicio de PAIMEX.\u200b\u200b\u200b\u200b\u200b\u200b\u200b<\/p>\n<p>5. Tambi\u00e9n recibir\u00e1 acceso a nuevas promociones que puede utilizar para ayudar a maximizar su \u00e9xito con el programa de Afiliados de PAIMEX.<\/p>\n<\/div>\n<div style=\"border-left: 1px solid grey; padding-left: 12px;\">\n<h2 style=\"color: #0072BC\">Beneficios del Programa:<\/h2>\n<p>\u2022 Comience ganando un 5% de comisi\u00f3n en compras de PAIMEX<\/p>\n<p>\u2022 Con potencial para ganar hasta un 10% de comisi\u00f3n en funci\u00f3n del rendimiento e incentivos adicionales<\/p>\n<p>\u2022 Promocione marcas y servicios reconocidas a nivel mundial.<\/p>\n<p>\u2022 Participe en promociones y concursos exclusivos para afiliados<\/p>\n<p>\u2022 Ser miembro del Equipo de Afiliados Comprometidos<\/p>\n<\/div>\n<\/div>\n<div> <button type=\"button\" style=\"background:#0072BC; color: white; font-size: 16px; font-weight:400; text-decoration: none; outline: 0; box-sizing: border-box; border: none; padding: 4.8px\" class=\"affiliateSignUp\"><a href=\"https:\/\/serviciospaimex.com\/en\/en\/affiliate-signup\/\" style=\"text-decoration: none; color: white;\">REGISTRESE AHORA<a><\/button> <\/div>\n","protected":false},"excerpt":{"rendered":"<p>\u00bfC\u00d3MO FUNCIONA?: 1. Registrarse. \u00danase a nuestro programa y acepte los t\u00e9rminos y condiciones del programa de afiliados de PAIMEX. 2. Como afiliado aprobado de PAIMEX, recibir\u00e1 im\u00e1genes de nuestros anuncios (banners) con links para colocar en su sitio web. 3. Si un cliente potencial hace click en dichos links y compra nuestros servicios, ganar\u00e1 [&hellip;]<\/p>\n","protected":false},"author":3,"featured_media":0,"parent":0,"menu_order":0,"comment_status":"closed","ping_status":"closed","template":"","meta":{"footnotes":""},"class_list":["post-496","page","type-page","status-publish","hentry"],"_links":{"self":[{"href":"https:\/\/serviciospaimex.com\/en\/wp-json\/wp\/v2\/pages\/496","targetHints":{"allow":["GET"]}}],"collection":[{"href":"https:\/\/serviciospaimex.com\/en\/wp-json\/wp\/v2\/pages"}],"about":[{"href":"https:\/\/serviciospaimex.com\/en\/wp-json\/wp\/v2\/types\/page"}],"author":[{"embeddable":true,"href":"https:\/\/serviciospaimex.com\/en\/wp-json\/wp\/v2\/users\/3"}],"replies":[{"embeddable":true,"href":"https:\/\/serviciospaimex.com\/en\/wp-json\/wp\/v2\/comments?post=496"}],"version-history":[{"count":0,"href":"https:\/\/serviciospaimex.com\/en\/wp-json\/wp\/v2\/pages\/496\/revisions"}],"wp:attachment":[{"href":"https:\/\/serviciospaimex.com\/en\/wp-json\/wp\/v2\/media?parent=496"}],"curies":[{"name":"wp","href":"https:\/\/api.w.org\/{rel}","templated":true}]}}