{"id":501,"date":"2019-12-12T20:57:02","date_gmt":"2019-12-12T20:57:02","guid":{"rendered":"https:\/\/serviciospaimex.com\/?page_id=501"},"modified":"2024-02-17T20:32:09","modified_gmt":"2024-02-18T04:32:09","slug":"outsourcing","status":"publish","type":"page","link":"https:\/\/serviciospaimex.com\/en\/outsourcing\/","title":{"rendered":"Outsourcing"},"content":{"rendered":"\t\t<div data-elementor-type=\"wp-page\" data-elementor-id=\"501\" class=\"elementor elementor-501\">\n\t\t\t\t\t\t<section class=\"elementor-section elementor-top-section elementor-element elementor-element-1dec001e elementor-section-boxed elementor-section-height-default elementor-section-height-default\" data-id=\"1dec001e\" data-element_type=\"section\" data-e-type=\"section\">\n\t\t\t\t\t\t<div class=\"elementor-container elementor-column-gap-default\">\n\t\t\t\t\t<div class=\"elementor-column elementor-col-100 elementor-top-column elementor-element elementor-element-36c95376\" data-id=\"36c95376\" data-element_type=\"column\" data-e-type=\"column\">\n\t\t\t<div class=\"elementor-widget-wrap elementor-element-populated\">\n\t\t\t\t\t\t<div class=\"elementor-element elementor-element-f3bb2c3 elementor-hidden-desktop elementor-hidden-tablet elementor-hidden-mobile eael-tooltip-align-left elementor-widget elementor-widget-eael-tooltip\" data-id=\"f3bb2c3\" data-element_type=\"widget\" data-e-type=\"widget\" data-widget_type=\"eael-tooltip.default\">\n\t\t\t\t<div class=\"elementor-widget-container\">\n\t\t\t\t\t\t<div class=\"eael-tooltip\">\n\t\t\t\t\t<div class=\"eael-tooltip-content\" tabindex=\"0\" aria-describedby=\"tooltip-text-f3bb2c3\"><iframe width=\"560\" height=\"315\" src=\"https:\/\/www.youtube-nocookie.com\/embed\/1At1IPJNHcc?controls=0\" title=\"YouTube video player\" frameborder=\"0\" allow=\"accelerometer; autoplay; clipboard-write; encrypted-media; gyroscope; picture-in-picture\" allowfullscreen><\/iframe><\/div>\n  \t\t\t<span id=\"tooltip-text-f3bb2c3\" class=\"eael-tooltip-text eael-tooltip-right\" role=\"tooltip\">Tooltip content<\/span>\n  \t\t\t<\/div>\n\t\t\t\t\t<\/div>\n\t\t\t\t<\/div>\n\t\t\t\t<div class=\"elementor-element elementor-element-26783410 elementor-widget elementor-widget-text-editor\" data-id=\"26783410\" data-element_type=\"widget\" data-e-type=\"widget\" data-widget_type=\"text-editor.default\">\n\t\t\t\t<div class=\"elementor-widget-container\">\n\t\t\t\t\t\t\t\t\t<p><\/p>\n<figure class=\"wp-block-image\"><img fetchpriority=\"high\" decoding=\"async\" width=\"1024\" height=\"108\" class=\"wp-image-484\" src=\"https:\/\/serviciospaimex.com\/en\/wp-content\/uploads\/2019\/12\/25ef94fc-aa62-4ae8-80d4-e6d76eec922e-1024x108-1024x108.jpg\" alt=\"\" srcset=\"https:\/\/serviciospaimex.com\/en\/wp-content\/uploads\/2019\/12\/25ef94fc-aa62-4ae8-80d4-e6d76eec922e-1024x108.jpg 1024w, https:\/\/serviciospaimex.com\/en\/wp-content\/uploads\/2019\/12\/25ef94fc-aa62-4ae8-80d4-e6d76eec922e-1024x108-300x32.jpg 300w, https:\/\/serviciospaimex.com\/en\/wp-content\/uploads\/2019\/12\/25ef94fc-aa62-4ae8-80d4-e6d76eec922e-1024x108-768x81.jpg 768w\" sizes=\"(max-width: 1024px) 100vw, 1024px\" \/><\/figure>\n<p><\/p>\n<p><\/p>\n<figure class=\"wp-block-video\"><video style=\"aspect-ratio: 1920 \/ 1080;\" src=\"https:\/\/serviciospaimex.com\/en\/wp-content\/uploads\/2019\/12\/Paimex-3_B.mp4\" autoplay controls=\"controls\" width=\"1920\" height=\"1080\"><\/video><\/figure>\n<p><\/p>\n<p><\/p>\n<div style=\"display: flex;\">\n<div style=\"padding-right: 10px; flex: 1;\">\n<h2 style=\"color: #0072bc;\">C\u00f3mo funciona:<\/h2>\n<p>1. Reg\u00edstrate. \u00danete a nuestro programa y acepta los t\u00e9rminos y condiciones del programa de afiliados de PAIMEX.<\/p>\n<p>2. Env\u00edanos tus especificaciones y precio objetivo, \u00a1y te responderemos dentro de las 24 horas confirmando la aceptaci\u00f3n!<\/p>\n<p>3. Tambi\u00e9n recibir\u00e1s acceso a nuevas promociones que puedes utilizar para maximizar tu \u00e9xito con el programa de afiliados de PAIMEX.<\/p>\n<div><button class=\"affiliateSignUp\" style=\"background: #0072BC; color: white; font-size: 16px; font-weight: 400; text-decoration: none; outline: 0; box-sizing: border-box; border: none; padding: 4.8px; width: 100%;\" type=\"button\"><br \/><a style=\"text-decoration: none; color: white;\" href=\"https:\/\/serviciospaimex.com\/en\/en\/affiliate-signup\/\">REG\u00cdSTRATE AHORA<\/a><br \/><\/button><\/div>\n<\/div>\n<div style=\"border-left: 1px solid grey; padding-left: 12px; flex: 1;\">\n<h2 style=\"color: #0072bc;\">Beneficios del Programa:<\/h2>\n<p>\u2022 Aumenta y mejora la capacidad de producci\u00f3n de tu negocio sin necesidad de invertir.<\/p>\n<p>\u2022 Aumenta tu capacidad en procesos de fabricaci\u00f3n a una fracci\u00f3n del costo sin aumentar los gastos generales.<\/p>\n<p>\u2022 Utiliza la funci\u00f3n de precio objetivo para reducir costos y ganar m\u00e1s.<\/p>\n<p>\u2022 Promociona una marca y servicios reconocidos a nivel mundial.<\/p>\n<p>\u2022 Participa en promociones y competiciones exclusivas para afiliados.<\/p>\n<p>\u2022 Equipo de afiliados dedicado.<\/p>\n<\/div>\n<\/div>\n<p><\/p>\t\t\t\t\t\t\t\t<\/div>\n\t\t\t\t<\/div>\n\t\t\t\t\t<\/div>\n\t\t<\/div>\n\t\t\t\t\t<\/div>\n\t\t<\/section>\n\t\t\t\t<\/div>\n\t\t","protected":false},"excerpt":{"rendered":"<p>Contenido de la caja C\u00f3mo funciona: 1. Reg\u00edstrate. \u00danete a nuestro programa y acepta los t\u00e9rminos y condiciones del programa de afiliados de PAIMEX. 2. Env\u00edanos tus especificaciones y precio objetivo, \u00a1y te responderemos dentro de las 24 horas confirmando la aceptaci\u00f3n! 3. Tambi\u00e9n recibir\u00e1s acceso a nuevas promociones que puedes utilizar para maximizar tu [&hellip;]<\/p>\n","protected":false},"author":3,"featured_media":0,"parent":0,"menu_order":0,"comment_status":"closed","ping_status":"closed","template":"","meta":{"footnotes":""},"class_list":["post-501","page","type-page","status-publish","hentry"],"_links":{"self":[{"href":"https:\/\/serviciospaimex.com\/en\/wp-json\/wp\/v2\/pages\/501","targetHints":{"allow":["GET"]}}],"collection":[{"href":"https:\/\/serviciospaimex.com\/en\/wp-json\/wp\/v2\/pages"}],"about":[{"href":"https:\/\/serviciospaimex.com\/en\/wp-json\/wp\/v2\/types\/page"}],"author":[{"embeddable":true,"href":"https:\/\/serviciospaimex.com\/en\/wp-json\/wp\/v2\/users\/3"}],"replies":[{"embeddable":true,"href":"https:\/\/serviciospaimex.com\/en\/wp-json\/wp\/v2\/comments?post=501"}],"version-history":[{"count":3,"href":"https:\/\/serviciospaimex.com\/en\/wp-json\/wp\/v2\/pages\/501\/revisions"}],"predecessor-version":[{"id":2763,"href":"https:\/\/serviciospaimex.com\/en\/wp-json\/wp\/v2\/pages\/501\/revisions\/2763"}],"wp:attachment":[{"href":"https:\/\/serviciospaimex.com\/en\/wp-json\/wp\/v2\/media?parent=501"}],"curies":[{"name":"wp","href":"https:\/\/api.w.org\/{rel}","templated":true}]}}